{"id":1219,"date":"2025-04-10T09:35:29","date_gmt":"2025-04-10T09:35:29","guid":{"rendered":"https:\/\/automliftools.com\/?page_id=273"},"modified":"2025-04-10T09:35:29","modified_gmt":"2025-04-10T09:35:29","slug":"alt-desmontadoras-de-neumaticos-2-2","status":"publish","type":"page","link":"https:\/\/automliftools.com\/index.php\/alt-desmontadoras-de-neumaticos-2-2\/","title":{"rendered":"DESMONTADORAS DE NEUMATICOS"},"content":{"rendered":"\n<h2 class=\"wp-block-heading has-text-align-center\">Desmontadoras de Neumaticos, Equilibradoras de Ruedas, Elevadores de Columnas, Elevadores de Tijeras, Equipamiento General Talleres Mec\u00e1nicos, Elevadores de Moto, Alineadoras 3D, Desmontadoras de Neum\u00e1ticos Cam\u00edon. Excelentes Ofertas para Espa\u00f1a y Portugal.<\/h2>\n\n\n\n<p class=\"has-text-align-center\"><em><strong>Si desea volver a la p\u00e1gina de Inicio haga Click en el Bot\u00f3n<\/strong><\/em><\/p>\n\n\n\n<div class=\"wp-block-buttons alignwide is-content-justification-center is-layout-flex wp-container-core-buttons-is-layout-a89b3969 wp-block-buttons-is-layout-flex\">\n<div class=\"wp-block-button\"><a class=\"wp-block-button__link wp-element-button\" href=\"https:\/\/automliftools.com\/\" target=\"_blank\" rel=\"noreferrer noopener\"><strong>P\u00c1GINA INICIAL ELEVADORES DE AUTOM\u00d3VEIS ALT<\/strong><\/a><\/div>\n<\/div>\n\n\n\n<div class=\"wp-block-media-text is-stacked-on-mobile\"><figure class=\"wp-block-media-text__media\"><img loading=\"lazy\" decoding=\"async\" width=\"576\" height=\"381\" src=\"https:\/\/automliftools.com\/wp-content\/uploads\/2025\/04\/DSSA-uSTUUhqVbuRchwilEndE9Q-4.webp\" alt=\"\" class=\"wp-image-276 size-full\" srcset=\"https:\/\/automliftools.com\/wp-content\/uploads\/2025\/04\/DSSA-uSTUUhqVbuRchwilEndE9Q-4.webp 576w, https:\/\/automliftools.com\/wp-content\/uploads\/2025\/04\/DSSA-uSTUUhqVbuRchwilEndE9Q-4-300x198.webp 300w\" sizes=\"auto, (max-width: 576px) 100vw, 576px\" \/><\/figure><div class=\"wp-block-media-text__content\">\n<p><strong>Desmontadora Semiautom\u00e1tica 220V<\/strong><\/p>\n\n\n\n<p><strong>Brazo Apertura Bandera<\/strong><\/p>\n\n\n\n<p><strong>3 Pedales<\/strong><\/p>\n\n\n\n<p><strong>750\u20ac Portes e Iva no <\/strong>I<strong>nclu\u00eddos<\/strong><\/p>\n\n\n\n<p><strong>998\u20ac Portes Pen\u00ednsula e Iva Inclu\u00eddos<\/strong><\/p>\n<\/div><\/div>\n\n\n\n<div class=\"wp-block-media-text is-stacked-on-mobile\"><figure class=\"wp-block-media-text__media\"><img loading=\"lazy\" decoding=\"async\" width=\"576\" height=\"375\" src=\"https:\/\/automliftools.com\/wp-content\/uploads\/2025\/04\/DSSA1-bQZ5esfMltmbUwxk7_wqGg-2.webp\" alt=\"\" class=\"wp-image-278 size-full\" srcset=\"https:\/\/automliftools.com\/wp-content\/uploads\/2025\/04\/DSSA1-bQZ5esfMltmbUwxk7_wqGg-2.webp 576w, https:\/\/automliftools.com\/wp-content\/uploads\/2025\/04\/DSSA1-bQZ5esfMltmbUwxk7_wqGg-2-300x195.webp 300w\" sizes=\"auto, (max-width: 576px) 100vw, 576px\" \/><\/figure><div class=\"wp-block-media-text__content\">\n<p><strong>Desmontadora Semiautom\u00e1tica 220V<\/strong><\/p>\n\n\n\n<p><strong>Brazo Apertura Bandera<\/strong><\/p>\n\n\n\n<p><strong>Brazo de Ayuda Auxiliar<\/strong><\/p>\n\n\n\n<p><strong>3 Pedales<\/strong><\/p>\n\n\n\n<p><strong>924\u20ac Portes e Iva no <\/strong>I<strong>nclu\u00eddos<\/strong><\/p>\n\n\n\n<p><strong>1.215\u20ac Portes Pen\u00ednsula e Iva Inclu\u00eddos<\/strong><\/p>\n<\/div><\/div>\n\n\n\n<div class=\"wp-block-media-text is-stacked-on-mobile\"><figure class=\"wp-block-media-text__media\"><img loading=\"lazy\" decoding=\"async\" width=\"576\" height=\"387\" src=\"https:\/\/automliftools.com\/wp-content\/uploads\/2025\/04\/DSA-QlXj4SudetSW32lO33P7VA-2.webp\" alt=\"\" class=\"wp-image-279 size-full\" srcset=\"https:\/\/automliftools.com\/wp-content\/uploads\/2025\/04\/DSA-QlXj4SudetSW32lO33P7VA-2.webp 576w, https:\/\/automliftools.com\/wp-content\/uploads\/2025\/04\/DSA-QlXj4SudetSW32lO33P7VA-2-300x202.webp 300w\" sizes=\"auto, (max-width: 576px) 100vw, 576px\" \/><\/figure><div class=\"wp-block-media-text__content\">\n<p><strong>Desmontadora Autom\u00e1tica 220V<\/strong><\/p>\n\n\n\n<p><strong>M\u00e1stil Retr\u00e1ctil<\/strong><\/p>\n\n\n\n<p><strong>4 Pedales<\/strong><\/p>\n\n\n\n<p><strong>Brazo de Ayuda Auxiliar<\/strong><\/p>\n\n\n\n<p><strong>1.575\u20ac Portes e Iva no <\/strong>I<strong>nclu\u00eddos<\/strong><\/p>\n\n\n\n<p><strong>2.015\u20ac Portes Pen\u00ednsula e Iva Inclu\u00eddos<\/strong><\/p>\n<\/div><\/div>\n\n\n\n<figure class=\"wp-block-gallery has-nested-images columns-default is-cropped wp-block-gallery-1 is-layout-flex wp-block-gallery-is-layout-flex\">\n<figure class=\"wp-block-image size-full\"><img decoding=\"async\" data-id=\"572\" src=\"https:\/\/elevadorescochesalt.es\/wp-content\/uploads\/2025\/04\/ALTLOGOWEBP-gPqSAXsbwYq_u_iAASUymw-1.webp\" alt=\"\" class=\"wp-image-572\"\/><\/figure>\n<\/figure>\n","protected":false},"excerpt":{"rendered":"<p>Desmontadoras de Neumaticos, Equilibradoras de Ruedas, Elevadores de Columnas, Elevadores de Tijeras, Equipamiento General Talleres Mec\u00e1nicos, Elevadores de Moto, Alineadoras 3D, Desmontadoras de Neum\u00e1ticos Cam\u00edon. Excelentes Ofertas para Espa\u00f1a y Portugal. Si desea volver a la p\u00e1gina de Inicio haga Click en el Bot\u00f3n Desmontadora Semiautom\u00e1tica 220V Brazo Apertura Bandera 3 Pedales 750\u20ac Portes e [&hellip;]<\/p>\n","protected":false},"author":2,"featured_media":0,"parent":0,"menu_order":0,"comment_status":"closed","ping_status":"closed","template":"","meta":{"_joinchat":[],"footnotes":""},"class_list":["post-1219","page","type-page","status-publish","hentry"],"_links":{"self":[{"href":"https:\/\/automliftools.com\/index.php\/wp-json\/wp\/v2\/pages\/1219","targetHints":{"allow":["GET"]}}],"collection":[{"href":"https:\/\/automliftools.com\/index.php\/wp-json\/wp\/v2\/pages"}],"about":[{"href":"https:\/\/automliftools.com\/index.php\/wp-json\/wp\/v2\/types\/page"}],"author":[{"embeddable":true,"href":"https:\/\/automliftools.com\/index.php\/wp-json\/wp\/v2\/users\/2"}],"replies":[{"embeddable":true,"href":"https:\/\/automliftools.com\/index.php\/wp-json\/wp\/v2\/comments?post=1219"}],"version-history":[{"count":0,"href":"https:\/\/automliftools.com\/index.php\/wp-json\/wp\/v2\/pages\/1219\/revisions"}],"wp:attachment":[{"href":"https:\/\/automliftools.com\/index.php\/wp-json\/wp\/v2\/media?parent=1219"}],"curies":[{"name":"wp","href":"https:\/\/api.w.org\/{rel}","templated":true}]}}